{"id":2176,"date":"2021-02-18T12:52:07","date_gmt":"2021-02-18T12:52:07","guid":{"rendered":"https:\/\/dakwerken-dendauw.be\/velux\/"},"modified":"2025-10-21T14:57:58","modified_gmt":"2025-10-21T14:57:58","slug":"velux","status":"publish","type":"page","link":"https:\/\/dakwerken-dendauw.be\/fr\/velux\/","title":{"rendered":"VELUX"},"content":{"rendered":"\t\t<div data-elementor-type=\"wp-page\" data-elementor-id=\"2176\" class=\"elementor elementor-2176 elementor-601\" data-elementor-post-type=\"page\">\n\t\t\t\t\t\t<section class=\"elementor-section elementor-top-section elementor-element elementor-element-fc45ac0 elementor-section-boxed elementor-section-height-default elementor-section-height-default\" data-id=\"fc45ac0\" data-element_type=\"section\" data-settings=\"{&quot;background_background&quot;:&quot;classic&quot;}\">\n\t\t\t\t\t\t\t<div class=\"elementor-background-overlay\"><\/div>\n\t\t\t\t\t\t\t<div class=\"elementor-container elementor-column-gap-wider\">\n\t\t\t\t\t<div class=\"elementor-column elementor-col-100 elementor-top-column elementor-element elementor-element-5b84506\" data-id=\"5b84506\" data-element_type=\"column\">\n\t\t\t<div class=\"elementor-widget-wrap elementor-element-populated\">\n\t\t\t\t\t\t\t<\/div>\n\t\t<\/div>\n\t\t\t\t\t<\/div>\n\t\t<\/section>\n\t\t\t\t<section class=\"elementor-section elementor-top-section elementor-element elementor-element-6a1cafce elementor-reverse-tablet elementor-reverse-mobile elementor-section-boxed elementor-section-height-default elementor-section-height-default\" data-id=\"6a1cafce\" data-element_type=\"section\">\n\t\t\t\t\t\t<div class=\"elementor-container elementor-column-gap-wider\">\n\t\t\t\t\t<div class=\"elementor-column elementor-col-50 elementor-top-column elementor-element elementor-element-53f73cc0\" data-id=\"53f73cc0\" data-element_type=\"column\" data-settings=\"{&quot;background_background&quot;:&quot;classic&quot;}\">\n\t\t\t<div class=\"elementor-widget-wrap elementor-element-populated\">\n\t\t\t\t\t\t<div class=\"elementor-element elementor-element-2849868 elementor-widget elementor-widget-image\" data-id=\"2849868\" data-element_type=\"widget\" data-settings=\"{&quot;ekit_we_effect_on&quot;:&quot;none&quot;}\" data-widget_type=\"image.default\">\n\t\t\t\t<div class=\"elementor-widget-container\">\n\t\t\t\t\t\t\t\t\t\t\t\t\t\t\t<img fetchpriority=\"high\" decoding=\"async\" width=\"768\" height=\"1024\" src=\"https:\/\/embmagj6nq8.exactdn.com\/wp-content\/uploads\/2021\/01\/VELUX5-768x1024.jpg?strip=all&amp;lossy=1&amp;ssl=1\" class=\"attachment-large size-large wp-image-2414\" alt=\"velux\" srcset=\"https:\/\/embmagj6nq8.exactdn.com\/wp-content\/uploads\/2021\/01\/VELUX5-768x1024.jpg?strip=all&amp;lossy=1&amp;ssl=1 768w, https:\/\/embmagj6nq8.exactdn.com\/wp-content\/uploads\/2021\/01\/VELUX5-225x300.jpg?strip=all&amp;lossy=1&amp;ssl=1 225w, https:\/\/embmagj6nq8.exactdn.com\/wp-content\/uploads\/2021\/01\/VELUX5.jpg?strip=all&amp;lossy=1&amp;ssl=1 900w, https:\/\/embmagj6nq8.exactdn.com\/wp-content\/uploads\/2021\/01\/VELUX5.jpg?strip=all&amp;lossy=1&amp;w=360&amp;ssl=1 360w, https:\/\/embmagj6nq8.exactdn.com\/wp-content\/uploads\/2021\/01\/VELUX5.jpg?strip=all&amp;lossy=1&amp;w=540&amp;ssl=1 540w\" sizes=\"(max-width: 768px) 100vw, 768px\" title=\"\">\t\t\t\t\t\t\t\t\t\t\t\t\t\t\t<\/div>\n\t\t\t\t<\/div>\n\t\t\t\t\t<\/div>\n\t\t<\/div>\n\t\t\t\t<div class=\"elementor-column elementor-col-50 elementor-top-column elementor-element elementor-element-6b4c2adc\" data-id=\"6b4c2adc\" data-element_type=\"column\">\n\t\t\t<div class=\"elementor-widget-wrap elementor-element-populated\">\n\t\t\t\t\t\t<div class=\"elementor-element elementor-element-da2baa3 elementor-widget__width-auto elementor-widget elementor-widget-heading\" data-id=\"da2baa3\" data-element_type=\"widget\" data-settings=\"{&quot;ekit_we_effect_on&quot;:&quot;none&quot;}\" data-widget_type=\"heading.default\">\n\t\t\t\t<div class=\"elementor-widget-container\">\n\t\t\t\t\t<div class=\"elementor-heading-title elementor-size-default\">Dans toutes les couleurs et tous les mod\u00e8les possibles<\/div>\t\t\t\t<\/div>\n\t\t\t\t<\/div>\n\t\t\t\t<div class=\"elementor-element elementor-element-042105c elementor-headline--style-highlight elementor-widget elementor-widget-animated-headline\" data-id=\"042105c\" data-element_type=\"widget\" data-settings=\"{&quot;marker&quot;:&quot;underline&quot;,&quot;headline_style&quot;:&quot;highlight&quot;,&quot;loop&quot;:&quot;yes&quot;,&quot;highlight_animation_duration&quot;:1200,&quot;highlight_iteration_delay&quot;:8000,&quot;ekit_we_effect_on&quot;:&quot;none&quot;}\" data-widget_type=\"animated-headline.default\">\n\t\t\t\t<div class=\"elementor-widget-container\">\n\t\t\t\t\t\t\t<h2 class=\"elementor-headline\">\n\t\t\t\t\t<span class=\"elementor-headline-plain-text elementor-headline-text-wrapper\">Installer une lucarne VELUX ou une fen\u00eatre de toit ? Nous le faisons !<\/span>\n\t\t\t\t<span class=\"elementor-headline-dynamic-wrapper elementor-headline-text-wrapper\">\n\t\t\t\t<\/span>\n\t\t\t\t<\/h2>\n\t\t\t\t\t\t<\/div>\n\t\t\t\t<\/div>\n\t\t\t\t<div class=\"elementor-element elementor-element-3feee8af elementor-widget elementor-widget-text-editor\" data-id=\"3feee8af\" data-element_type=\"widget\" data-settings=\"{&quot;ekit_we_effect_on&quot;:&quot;none&quot;}\" data-widget_type=\"text-editor.default\">\n\t\t\t\t<div class=\"elementor-widget-container\">\n\t\t\t\t\t\t\t\t\t<p>Si vous souhaitez installer des <strong>lucarnes<\/strong> et des <strong>fen\u00eatres de toit<\/strong> de qualit\u00e9 sur votre <a href=\"\/fr\/travaux-de-toiture\/toits-en-pente\/\"><strong>toit en pente<\/strong><\/a> ou votre <a href=\"\/fr\/travaux-de-toiture\/toits-plats\/\"><strong>toit plat<\/strong><\/a>, <a href=\"\/fr\/notre-equipe\/\">Travaux g\u00e9n\u00e9raux de toiture Dendauw<\/a> est la bonne adresse. Nous travaillons avec la marque de qualit\u00e9 <a href=\"https:\/\/www.velux.be\/\" target=\"_blank\" rel=\"noopener\"><strong>VELUX<\/strong><\/a> et vous offrons <span style=\"font-weight: 400;\">un <\/span><span style=\"font-weight: 400;\">service complet<\/span><span style=\"font-weight: 400;\">, de la <\/span><span style=\"font-weight: 400;\">pr\u00e9paration<\/span><span style=\"font-weight: 400;\"> \u00e0 la <\/span><span style=\"font-weight: 400;\">r\u00e9alisation<\/span><span style=\"font-weight: 400;\">.<\/span><\/p>\t\t\t\t\t\t\t\t<\/div>\n\t\t\t\t<\/div>\n\t\t\t\t<div class=\"elementor-element elementor-element-9c5b00c elementor-widget__width-auto elementor-mobile-align-center elementor-widget-mobile__width-inherit elementor-widget elementor-widget-button\" data-id=\"9c5b00c\" data-element_type=\"widget\" data-settings=\"{&quot;ekit_we_effect_on&quot;:&quot;none&quot;}\" data-widget_type=\"button.default\">\n\t\t\t\t<div class=\"elementor-widget-container\">\n\t\t\t\t\t\t\t\t\t<div class=\"elementor-button-wrapper\">\n\t\t\t\t\t<a class=\"elementor-button elementor-button-link elementor-size-md\" href=\"https:\/\/dakwerken-dendauw.be\/fr\/contact\/\">\n\t\t\t\t\t\t<span class=\"elementor-button-content-wrapper\">\n\t\t\t\t\t\t\t\t\t<span class=\"elementor-button-text\">Contactez-nous<\/span>\n\t\t\t\t\t<\/span>\n\t\t\t\t\t<\/a>\n\t\t\t\t<\/div>\n\t\t\t\t\t\t\t\t<\/div>\n\t\t\t\t<\/div>\n\t\t\t\t\t<\/div>\n\t\t<\/div>\n\t\t\t\t\t<\/div>\n\t\t<\/section>\n\t\t\t\t<section class=\"elementor-section elementor-top-section elementor-element elementor-element-08f6bf1 elementor-section-height-min-height elementor-section-boxed elementor-section-height-default elementor-section-items-middle\" data-id=\"08f6bf1\" data-element_type=\"section\" data-settings=\"{&quot;background_background&quot;:&quot;classic&quot;,&quot;background_motion_fx_motion_fx_scrolling&quot;:&quot;yes&quot;,&quot;background_motion_fx_translateY_effect&quot;:&quot;yes&quot;,&quot;background_motion_fx_translateY_speed&quot;:{&quot;unit&quot;:&quot;px&quot;,&quot;size&quot;:&quot;9&quot;,&quot;sizes&quot;:[]},&quot;background_motion_fx_translateY_affectedRange&quot;:{&quot;unit&quot;:&quot;%&quot;,&quot;size&quot;:&quot;&quot;,&quot;sizes&quot;:{&quot;start&quot;:0,&quot;end&quot;:100}},&quot;background_motion_fx_devices&quot;:[&quot;desktop&quot;,&quot;tablet&quot;,&quot;mobile&quot;]}\">\n\t\t\t\t\t\t\t<div class=\"elementor-background-overlay\"><\/div>\n\t\t\t\t\t\t\t<div class=\"elementor-container elementor-column-gap-wider\">\n\t\t\t\t\t<div class=\"elementor-column elementor-col-66 elementor-top-column elementor-element elementor-element-d4c5aad\" data-id=\"d4c5aad\" data-element_type=\"column\">\n\t\t\t<div class=\"elementor-widget-wrap elementor-element-populated\">\n\t\t\t\t\t\t<div class=\"elementor-element elementor-element-07bfe5f elementor-widget elementor-widget-heading\" data-id=\"07bfe5f\" data-element_type=\"widget\" data-settings=\"{&quot;ekit_we_effect_on&quot;:&quot;none&quot;}\" data-widget_type=\"heading.default\">\n\t\t\t\t<div class=\"elementor-widget-container\">\n\t\t\t\t\t<h3 class=\"elementor-heading-title elementor-size-default\">Besoin d'une lucarne de VELUX ?<\/h3>\t\t\t\t<\/div>\n\t\t\t\t<\/div>\n\t\t\t\t<div class=\"elementor-element elementor-element-cdfe2be elementor-widget elementor-widget-text-editor\" data-id=\"cdfe2be\" data-element_type=\"widget\" data-settings=\"{&quot;ekit_we_effect_on&quot;:&quot;none&quot;}\" data-widget_type=\"text-editor.default\">\n\t\t\t\t<div class=\"elementor-widget-container\">\n\t\t\t\t\t\t\t\t\t<p>Demandez votre offre non contraignante d\u00e8s aujourd&rsquo;hui !<\/p>\n\t\t\t\t\t\t\t\t<\/div>\n\t\t\t\t<\/div>\n\t\t\t\t\t<\/div>\n\t\t<\/div>\n\t\t\t\t<div class=\"elementor-column elementor-col-33 elementor-top-column elementor-element elementor-element-96b7fed\" data-id=\"96b7fed\" data-element_type=\"column\">\n\t\t\t<div class=\"elementor-widget-wrap elementor-element-populated\">\n\t\t\t\t\t\t<div class=\"elementor-element elementor-element-b7d87e1 elementor-widget__width-auto elementor-mobile-align-center elementor-widget-mobile__width-inherit elementor-widget elementor-widget-button\" data-id=\"b7d87e1\" data-element_type=\"widget\" data-settings=\"{&quot;ekit_we_effect_on&quot;:&quot;none&quot;}\" data-widget_type=\"button.default\">\n\t\t\t\t<div class=\"elementor-widget-container\">\n\t\t\t\t\t\t\t\t\t<div class=\"elementor-button-wrapper\">\n\t\t\t\t\t<a class=\"elementor-button elementor-button-link elementor-size-md\" href=\"\/fr\/contact\/\">\n\t\t\t\t\t\t<span class=\"elementor-button-content-wrapper\">\n\t\t\t\t\t\t\t\t\t<span class=\"elementor-button-text\">Je voudrais une offre<\/span>\n\t\t\t\t\t<\/span>\n\t\t\t\t\t<\/a>\n\t\t\t\t<\/div>\n\t\t\t\t\t\t\t\t<\/div>\n\t\t\t\t<\/div>\n\t\t\t\t\t<\/div>\n\t\t<\/div>\n\t\t\t\t\t<\/div>\n\t\t<\/section>\n\t\t\t\t<section class=\"elementor-section elementor-top-section elementor-element elementor-element-58178089 elementor-section-boxed elementor-section-height-default elementor-section-height-default\" data-id=\"58178089\" data-element_type=\"section\" data-settings=\"{&quot;background_background&quot;:&quot;classic&quot;}\">\n\t\t\t\t\t\t<div class=\"elementor-container elementor-column-gap-wider\">\n\t\t\t\t\t<div class=\"elementor-column elementor-col-50 elementor-top-column elementor-element elementor-element-778a86ba\" data-id=\"778a86ba\" data-element_type=\"column\">\n\t\t\t<div class=\"elementor-widget-wrap elementor-element-populated\">\n\t\t\t\t\t\t<div class=\"elementor-element elementor-element-20af1cc elementor-widget elementor-widget-heading\" data-id=\"20af1cc\" data-element_type=\"widget\" data-settings=\"{&quot;ekit_we_effect_on&quot;:&quot;none&quot;}\" data-widget_type=\"heading.default\">\n\t\t\t\t<div class=\"elementor-widget-container\">\n\t\t\t\t\t<h2 class=\"elementor-heading-title elementor-size-default\">Fen\u00eatres VELUX : diff\u00e9rentes options disponibles<\/h2>\t\t\t\t<\/div>\n\t\t\t\t<\/div>\n\t\t\t\t<div class=\"elementor-element elementor-element-f6dfa7b elementor-widget elementor-widget-text-editor\" data-id=\"f6dfa7b\" data-element_type=\"widget\" data-settings=\"{&quot;ekit_we_effect_on&quot;:&quot;none&quot;}\" data-widget_type=\"text-editor.default\">\n\t\t\t\t<div class=\"elementor-widget-container\">\n\t\t\t\t\t\t\t\t\t<p><span style=\"font-weight: 400;\">Nous veillons \u00e9galement \u00e0 ce que vos <\/span><b>lucarnes<\/b><span style=\"font-weight: 400;\"> ou fen\u00eatres de toit soient prot\u00e9g\u00e9es contre les <\/span><b>fuites<\/b><span style=\"font-weight: 400;\"> ou les <\/span><b>infiltrations d&rsquo;eau<\/b><span style=\"font-weight: 400;\">. De plus, vous pouvez choisir toutes sortes <\/span><span style=\"font-weight: 400;\">d&rsquo;options<\/span><span style=\"font-weight: 400;\"> pour vos fen\u00eatres VELUX, y compris de <\/span><b>l&rsquo;assombrissement interne<\/b><span style=\"font-weight: 400;\"> et <\/span><b>externe<\/b><span style=\"font-weight: 400;\">, des <\/span><b>moustiquaires<\/b><span style=\"font-weight: 400;\"> et <\/span><b>l&rsquo;automatisation<\/b><span style=\"font-weight: 400;\">. Faites votre choix parmi la vaste <\/span><span style=\"font-weight: 400;\">gamme<\/span><span style=\"font-weight: 400;\"> de produits disponibles et profitez d&rsquo;une <\/span><span style=\"font-weight: 400;\">qualit\u00e9<\/span><span style=\"font-weight: 400;\"> \u00e9lev\u00e9e.<\/span><\/p><p><span style=\"font-weight: 400;\">Souhaitez-vous laisser entrer plus de lumi\u00e8re naturelle dans votre maison gr\u00e2ce \u00e0 une lucarne ou une coupole VELUX ? N&rsquo;h\u00e9sitez pas \u00e0 nous <\/span><a href=\"\/fr\/contact\/\"><b>contacter<\/b><\/a><span style=\"font-weight: 400;\"> sans engagement. Nous nous ferons un plaisir de vous \u00e9tablir un devis.\u00a0<\/span><\/p>\t\t\t\t\t\t\t\t<\/div>\n\t\t\t\t<\/div>\n\t\t\t\t\t<\/div>\n\t\t<\/div>\n\t\t\t\t<div class=\"elementor-column elementor-col-50 elementor-top-column elementor-element elementor-element-6a0c8d3\" data-id=\"6a0c8d3\" data-element_type=\"column\">\n\t\t\t<div class=\"elementor-widget-wrap elementor-element-populated\">\n\t\t\t\t\t\t<div class=\"elementor-element elementor-element-8a7d4d8 elementor-widget elementor-widget-image\" data-id=\"8a7d4d8\" data-element_type=\"widget\" data-settings=\"{&quot;ekit_we_effect_on&quot;:&quot;none&quot;}\" data-widget_type=\"image.default\">\n\t\t\t\t<div class=\"elementor-widget-container\">\n\t\t\t\t\t\t\t\t\t\t\t\t\t\t\t<img decoding=\"async\" width=\"768\" height=\"1024\" src=\"https:\/\/embmagj6nq8.exactdn.com\/wp-content\/uploads\/2021\/01\/VELUX3-1-768x1024.jpg?strip=all&amp;lossy=1&amp;ssl=1\" class=\"attachment-large size-large wp-image-2412\" alt=\"veluxraam\" srcset=\"https:\/\/embmagj6nq8.exactdn.com\/wp-content\/uploads\/2021\/01\/VELUX3-1-768x1024.jpg?strip=all&amp;lossy=1&amp;ssl=1 768w, https:\/\/embmagj6nq8.exactdn.com\/wp-content\/uploads\/2021\/01\/VELUX3-1-225x300.jpg?strip=all&amp;lossy=1&amp;ssl=1 225w, https:\/\/embmagj6nq8.exactdn.com\/wp-content\/uploads\/2021\/01\/VELUX3-1.jpg?strip=all&amp;lossy=1&amp;ssl=1 900w, https:\/\/embmagj6nq8.exactdn.com\/wp-content\/uploads\/2021\/01\/VELUX3-1.jpg?strip=all&amp;lossy=1&amp;w=360&amp;ssl=1 360w, https:\/\/embmagj6nq8.exactdn.com\/wp-content\/uploads\/2021\/01\/VELUX3-1.jpg?strip=all&amp;lossy=1&amp;w=540&amp;ssl=1 540w\" sizes=\"(max-width: 768px) 100vw, 768px\" title=\"\">\t\t\t\t\t\t\t\t\t\t\t\t\t\t\t<\/div>\n\t\t\t\t<\/div>\n\t\t\t\t\t<\/div>\n\t\t<\/div>\n\t\t\t\t\t<\/div>\n\t\t<\/section>\n\t\t\t\t<\/div>\n\t\t","protected":false},"excerpt":{"rendered":"<p>Dans toutes les couleurs et tous les mod\u00e8les possibles Installer une lucarne VELUX ou une fen\u00eatre de toit ? Nous le faisons ! Si vous souhaitez installer des lucarnes et des fen\u00eatres de toit de qualit\u00e9 sur votre toit en pente ou votre toit plat, Travaux g\u00e9n\u00e9raux de toiture Dendauw est la bonne adresse. Nous [&hellip;]<\/p>\n","protected":false},"author":1,"featured_media":0,"parent":0,"menu_order":0,"comment_status":"closed","ping_status":"closed","template":"elementor_header_footer","meta":{"footnotes":""},"class_list":["post-2176","page","type-page","status-publish","hentry"],"_links":{"self":[{"href":"https:\/\/dakwerken-dendauw.be\/fr\/wp-json\/wp\/v2\/pages\/2176","targetHints":{"allow":["GET"]}}],"collection":[{"href":"https:\/\/dakwerken-dendauw.be\/fr\/wp-json\/wp\/v2\/pages"}],"about":[{"href":"https:\/\/dakwerken-dendauw.be\/fr\/wp-json\/wp\/v2\/types\/page"}],"author":[{"embeddable":true,"href":"https:\/\/dakwerken-dendauw.be\/fr\/wp-json\/wp\/v2\/users\/1"}],"replies":[{"embeddable":true,"href":"https:\/\/dakwerken-dendauw.be\/fr\/wp-json\/wp\/v2\/comments?post=2176"}],"version-history":[{"count":36,"href":"https:\/\/dakwerken-dendauw.be\/fr\/wp-json\/wp\/v2\/pages\/2176\/revisions"}],"predecessor-version":[{"id":5764,"href":"https:\/\/dakwerken-dendauw.be\/fr\/wp-json\/wp\/v2\/pages\/2176\/revisions\/5764"}],"wp:attachment":[{"href":"https:\/\/dakwerken-dendauw.be\/fr\/wp-json\/wp\/v2\/media?parent=2176"}],"curies":[{"name":"wp","href":"https:\/\/api.w.org\/{rel}","templated":true}]}}